{"id":3,"date":"2021-02-04T11:55:33","date_gmt":"2021-02-04T10:55:33","guid":{"rendered":"https:\/\/digital-creative.ofp1.fr\/?page_id=3"},"modified":"2021-02-24T16:15:05","modified_gmt":"2021-02-24T15:15:05","slug":"politique-de-confidentialite","status":"publish","type":"page","link":"https:\/\/digital-creative.ofp1.fr\/?page_id=3","title":{"rendered":"Politique de confidentialit\u00e9"},"content":{"rendered":"\n<h2 class=\"wp-block-heading\">Qui sommes-nous&nbsp;?<\/h2>\n\n\n\n<p>Le Centre de R\u00e9adaptation de Mulhouse (ci-apr\u00e8s CRM) est responsable des traitements des donn\u00e9es de tous les utilisateurs de ce site web. Elle assure la s\u00e9curit\u00e9 et l&rsquo;int\u00e9grit\u00e9 des donn\u00e9es \u00e0 caract\u00e8re personnel des stagiaires et personnels du CRM, ainsi que des autres utilisateurs disposant d&rsquo;un compte pour y acc\u00e9der.<br>Cette politique vise \u00e0 r\u00e9pondre \u00e0 l\u2019article 12 du R\u00e8glement (UE)[1] 2016\/679 du Parlement Europ\u00e9en et du Conseil du 27 avril 2016, qui impose que les personnes dont les donn\u00e9es sont trait\u00e9es soient inform\u00e9es de mani\u00e8re concise, transparente, compr\u00e9hensible et ais\u00e9ment accessible sur la nature des traitements et leurs droits concernant leurs donn\u00e9es.<\/p>\n\n\n\n<p>L\u2019adresse de notre site web est\u00a0: <a href=\"https:\/\/digital-creative.ofp1.fr\" target=\"_blank\" rel=\"noreferrer noopener\">https:\/\/digital-creative.ofp1.fr<\/a><\/p>\n\n\n\n<p><a href=\"https:\/\/mdl35-unistra-test.di.unistra.fr\/admin\/tool\/policy\/view.php?policyid=1&amp;versionid=1&amp;manage=1&amp;returnurl=%2Fadmin%2Ftool%2Fpolicy%2Fmanagedocs.php#_ftnref1\">[1] <\/a><a href=\"https:\/\/www.cnil.fr\/fr\/reglement-europeen-protection-donnees\" target=\"_blank\" rel=\"noreferrer noopener\">https:\/\/www.cnil.fr\/fr\/reglement-europeen-protection-donnees<\/a><\/p>\n\n\n\n<h2 class=\"wp-block-heading\">Utilisation des donn\u00e9es personnelles collect\u00e9es<\/h2>\n\n\n\n<h3 class=\"wp-block-heading\">Commentaires<\/h3>\n\n\n\n<p>Quand vous laissez un commentaire sur notre site web, les donn\u00e9es inscrites dans le formulaire de commentaire, mais aussi votre adresse IP et l\u2019agent utilisateur de votre navigateur sont collect\u00e9s pour nous aider \u00e0 la d\u00e9tection des commentaires ind\u00e9sirables.<\/p>\n\n\n\n<p>Une cha\u00eene anonymis\u00e9e cr\u00e9\u00e9e \u00e0 partir de votre adresse de messagerie (\u00e9galement appel\u00e9e hash) peut \u00eatre envoy\u00e9e au service Gravatar pour v\u00e9rifier si vous utilisez ce dernier. Les clauses de confidentialit\u00e9 du service Gravatar sont disponibles ici&nbsp;: https:\/\/automattic.com\/privacy\/. Apr\u00e8s validation de votre commentaire, votre photo de profil sera visible publiquement \u00e0 cot\u00e9 de votre commentaire.<\/p>\n\n\n\n<h3 class=\"wp-block-heading\">M\u00e9dias<\/h3>\n\n\n\n<p>Si vous \u00eates un utilisateur ou une utilisatrice enregistr\u00e9\u00b7e et que vous t\u00e9l\u00e9versez des images sur le site web, nous vous conseillons d\u2019\u00e9viter de t\u00e9l\u00e9verser des images contenant des donn\u00e9es EXIF de coordonn\u00e9es GPS. Les visiteurs de votre site web peuvent t\u00e9l\u00e9charger et extraire des donn\u00e9es de localisation depuis ces images.<\/p>\n\n\n\n<h3 class=\"wp-block-heading\">Cookies<\/h3>\n\n\n\n<p>Si vous d\u00e9posez un commentaire sur notre site, il vous sera propos\u00e9 d\u2019enregistrer votre nom, adresse de messagerie et site web dans des cookies. C\u2019est uniquement pour votre confort afin de ne pas avoir \u00e0 saisir ces informations si vous d\u00e9posez un autre commentaire plus tard. Ces cookies expirent au bout d\u2019un an.<\/p>\n\n\n\n<p>Si vous vous rendez sur la page de connexion, un cookie temporaire sera cr\u00e9\u00e9 afin de d\u00e9terminer si votre navigateur accepte les cookies. Il ne contient pas de donn\u00e9es personnelles et sera supprim\u00e9 automatiquement \u00e0 la fermeture de votre navigateur.<\/p>\n\n\n\n<p>Lorsque vous vous connecterez, nous mettrons en place un certain nombre de cookies pour enregistrer vos informations de connexion et vos pr\u00e9f\u00e9rences d\u2019\u00e9cran. La dur\u00e9e de vie d\u2019un cookie de connexion est de deux jours, celle d\u2019un cookie d\u2019option d\u2019\u00e9cran est d\u2019un an. Si vous cochez \u00ab&nbsp;Se souvenir de moi&nbsp;\u00bb, votre cookie de connexion sera conserv\u00e9 pendant deux semaines. Si vous vous d\u00e9connectez de votre compte, le cookie de connexion sera effac\u00e9.<\/p>\n\n\n\n<p>En modifiant ou en publiant une publication, un cookie suppl\u00e9mentaire sera enregistr\u00e9 dans votre navigateur. Ce cookie ne comprend aucune donn\u00e9e personnelle. Il indique simplement l\u2019ID de la publication que vous venez de modifier. Il expire au bout d\u2019un jour.<\/p>\n\n\n\n<h3 class=\"wp-block-heading\">Contenu embarqu\u00e9 depuis d\u2019autres sites<\/h3>\n\n\n\n<p>Les articles de ce site peuvent inclure des contenus int\u00e9gr\u00e9s (par exemple des vid\u00e9os, images, articles\u2026). Le contenu int\u00e9gr\u00e9 depuis d\u2019autres sites se comporte de la m\u00eame mani\u00e8re que si le visiteur se rendait sur cet autre site.<\/p>\n\n\n\n<p>Ces sites web pourraient collecter des donn\u00e9es sur vous, utiliser des cookies, embarquer des outils de suivis tiers, suivre vos interactions avec ces contenus embarqu\u00e9s si vous disposez d\u2019un compte connect\u00e9 sur leur site web.<\/p>\n\n\n\n<h2 class=\"wp-block-heading\">Utilisation et transmission de vos donn\u00e9es personnelles<\/h2>\n\n\n\n<h3 class=\"wp-block-heading\">Transferts des donn\u00e9es hors UE<\/h3>\n\n\n\n<p>Aucun transfert de donn\u00e9es hors de l\u2019Union europ\u00e9enne n\u2019est r\u00e9alis\u00e9.<\/p>\n\n\n\n<h3 class=\"wp-block-heading\">Cat\u00e9gories de destinataires des donn\u00e9es<br><\/h3>\n\n\n\n<p>Sont destinataires des donn\u00e9es : Le CRM uniquement pour les donn\u00e9es chiffr\u00e9es concernant l&rsquo;utilisation du site web.<\/p>\n\n\n\n<h3 class=\"wp-block-heading\">Automatisation<\/h3>\n\n\n\n<p>Les commentaires des visiteurs peuvent \u00eatre v\u00e9rifi\u00e9s \u00e0 l\u2019aide d\u2019un service automatis\u00e9 de d\u00e9tection des commentaires ind\u00e9sirables.<\/p>\n\n\n\n<h2 class=\"wp-block-heading\">Dur\u00e9es de stockage de vos donn\u00e9es<\/h2>\n\n\n\n<p>Si vous laissez un commentaire, le commentaire et ses m\u00e9tadonn\u00e9es sont conserv\u00e9s ind\u00e9finiment. Cela permet de reconna\u00eetre et approuver automatiquement les commentaires suivants au lieu de les laisser dans la file de mod\u00e9ration.<\/p>\n\n\n\n<p>Pour les utilisateurs et utilisatrices qui s\u2019inscrivent sur notre site (si cela est possible), nous stockons \u00e9galement les donn\u00e9es personnelles indiqu\u00e9es dans leur profil. Tous les utilisateurs et utilisatrices peuvent voir, modifier ou supprimer leurs informations personnelles \u00e0 tout moment (\u00e0 l\u2019exception de leur nom d\u2019utilisateur\u00b7ice). Les gestionnaires du site peuvent aussi voir et modifier ces informations.<\/p>\n\n\n\n<h2 class=\"wp-block-heading\">Les droits que vous avez sur vos donn\u00e9es<\/h2>\n\n\n\n<p>Si vous avez un compte ou si vous avez laiss\u00e9 des commentaires sur le site, vous pouvez demander \u00e0 recevoir un fichier contenant toutes les donn\u00e9es personnelles que nous poss\u00e9dons \u00e0 votre sujet, incluant celles que vous nous avez fournies. Vous pouvez \u00e9galement demander la suppression des donn\u00e9es personnelles vous concernant. Cela ne prend pas en compte les donn\u00e9es stock\u00e9es \u00e0 des fins administratives, l\u00e9gales ou pour des raisons de s\u00e9curit\u00e9.<\/p>\n\n\n\n<p>Le responsable de traitement de vos donn\u00e9es est le CRM. Vous \u00eates inform\u00e9s que conform\u00e9ment \u00e0 l&rsquo;article 13 du r\u00e8glement europ\u00e9en sur la protection des donn\u00e9es, vous disposez d&rsquo;un droit d&rsquo;acc\u00e8s, de rectification, de modification et d&rsquo;opposition avec motifs l\u00e9gitimes, aux donn\u00e9es personnelles vous concernant.<\/p>\n\n\n\n<p>Vous pouvez exercer ce droit en vous adressant \u00e0 la direction de notre \u00e9tablissement par courrier \u00e0 l&rsquo;adresse suivante : 7, boulevard des nations 68093 Mulhouse cedex, accompagn\u00e9 d&rsquo;une copie d&rsquo;un titre d&rsquo;identit\u00e9 en cours de validit\u00e9. <\/p>\n\n\n\n<p>Vous pouvez \u00e9galement vous adresser au d\u00e9l\u00e9gu\u00e9 \u00e0 la protection des donn\u00e9es \u00e0 l&rsquo;adresse mail suivante: <a href=\"mailto:crmdpd@arfp.asso.fr\">crmdpd@arfp.asso.fr<\/a><\/p>\n\n\n\n<p>Nous vous informons que le d\u00e9faut ou l&rsquo;insuffisance de r\u00e9ponse de votre part emp\u00eacherai le CRM d&rsquo;accomplir tout ou partie de ses prestations. Vous disposez \u00e9galement du droit \u00e0 introduire une r\u00e9clamation aupr\u00e8s de la CNIL : Formulaires et modalit\u00e9s disponible sur <a href=\"https:\/\/www.cnil.fr\/fr\/plaintes\" target=\"_blank\" rel=\"noreferrer noopener\">https:\/\/www.cnil.fr\/fr\/plaintes<\/a><\/p>\n\n\n\n<p><\/p>\n","protected":false},"excerpt":{"rendered":"<p>Qui sommes-nous&nbsp;? Le Centre de R\u00e9adaptation de Mulhouse (ci-apr\u00e8s CRM) est responsable des traitements des donn\u00e9es de tous les utilisateurs de ce site web. Elle assure la s\u00e9curit\u00e9 et l&rsquo;int\u00e9grit\u00e9 des donn\u00e9es \u00e0 caract\u00e8re personnel des stagiaires et personnels du CRM, ainsi que des autres utilisateurs disposant d&rsquo;un compte pour y acc\u00e9der.Cette politique vise \u00e0 &hellip; <\/p>\n<p class=\"link-more\"><a href=\"https:\/\/digital-creative.ofp1.fr\/?page_id=3\" class=\"more-link\">Continuer la lecture<span class=\"screen-reader-text\"> de &laquo;&nbsp;Politique de confidentialit\u00e9&nbsp;&raquo;<\/span><\/a><\/p>\n","protected":false},"author":1,"featured_media":0,"parent":0,"menu_order":0,"comment_status":"closed","ping_status":"open","template":"","meta":{"footnotes":""},"class_list":["post-3","page","type-page","status-publish","hentry"],"_links":{"self":[{"href":"https:\/\/digital-creative.ofp1.fr\/index.php?rest_route=\/wp\/v2\/pages\/3","targetHints":{"allow":["GET"]}}],"collection":[{"href":"https:\/\/digital-creative.ofp1.fr\/index.php?rest_route=\/wp\/v2\/pages"}],"about":[{"href":"https:\/\/digital-creative.ofp1.fr\/index.php?rest_route=\/wp\/v2\/types\/page"}],"author":[{"embeddable":true,"href":"https:\/\/digital-creative.ofp1.fr\/index.php?rest_route=\/wp\/v2\/users\/1"}],"replies":[{"embeddable":true,"href":"https:\/\/digital-creative.ofp1.fr\/index.php?rest_route=%2Fwp%2Fv2%2Fcomments&post=3"}],"version-history":[{"count":1,"href":"https:\/\/digital-creative.ofp1.fr\/index.php?rest_route=\/wp\/v2\/pages\/3\/revisions"}],"predecessor-version":[{"id":148,"href":"https:\/\/digital-creative.ofp1.fr\/index.php?rest_route=\/wp\/v2\/pages\/3\/revisions\/148"}],"wp:attachment":[{"href":"https:\/\/digital-creative.ofp1.fr\/index.php?rest_route=%2Fwp%2Fv2%2Fmedia&parent=3"}],"curies":[{"name":"wp","href":"https:\/\/api.w.org\/{rel}","templated":true}]}}